{"id":1033,"date":"2025-11-05T10:13:45","date_gmt":"2025-11-05T08:13:45","guid":{"rendered":"https:\/\/verkkokauppa.ouka.fi\/oulu2026\/tuote\/kaulakoru\/"},"modified":"2026-04-17T14:30:57","modified_gmt":"2026-04-17T11:30:57","slug":"kaulakoru","status":"publish","type":"product","link":"https:\/\/verkkokauppa.ouka.fi\/oulu2026\/tuote\/kaulakoru\/","title":{"rendered":"Kaulakoru"},"content":{"rendered":"<p>Kevyt \u00a0Oulu2026-kaulakoru on valmistettu kotimaisesta koivuvanerista, ja sen ketju on kultapinnoitettua kirurginter\u00e4st\u00e4. Korun keskell\u00e4 \u00a0lasihelmi. V\u00e4rivaihtoehtoina koivu ja vaaleanpunainen. \u00a0<\/p>\n<p>Riipuksen kokonaispituus on 50 cm (44 cm + 6 cm s\u00e4\u00e4t\u00f6vara).<br \/>Tuotteen on suunnitellut ja valmistanut oululainen Maesema. Halkaisija 4 cm.<\/p>\n","protected":false},"excerpt":{"rendered":"<p>Kevyt \u00a0Oulu2026-kaulakoru on valmistettu kotimaisesta koivuvanerista, ja sen ketju on kultapinnoitettua kirurginter\u00e4st\u00e4. Korun keskell\u00e4 \u00a0lasihelmi. V\u00e4rivaihtoehtoina koivu ja vaaleanpunainen. \u00a0 Riipuksen kokonaispituus on 50 cm (44 cm + 6 cm s\u00e4\u00e4t\u00f6vara).Tuotteen on suunnitellut ja valmistanut oululainen Maesema. Halkaisija 4 cm.<\/p>\n","protected":false},"featured_media":6603,"template":"","meta":{"slim_seo":{"facebook_image":"https:\/\/verkkokauppa.ouka.fi\/oulu2026\/wp-content\/uploads\/sites\/5\/2025\/11\/korut_pienet_kuvat_Linnea_Laatikainen-09-e1762333238178.jpg","title":"Kaulakoru - Oulu2026-verkkokauppa","description":"Kevyt \u00a0Oulu2026-kaulakoru on valmistettu kotimaisesta koivuvanerista, ja sen ketju on kultapinnoitettua kirurginter\u00e4st\u00e4. Korun keskell\u00e4 \u00a0lasihelmi. V\u00e4rivaihtoeh"}},"product_brand":[],"product_cat":[35],"product_tag":[60,61,59],"class_list":{"0":"post-1033","1":"product","2":"type-product","3":"status-publish","4":"has-post-thumbnail","6":"product_cat-asusteet","7":"product_tag-kaulakoru","8":"product_tag-maesema","9":"product_tag-oulu2026-koru","11":"first","12":"instock","13":"taxable","14":"shipping-taxable","15":"purchasable","16":"product-type-variable"},"_links":{"self":[{"href":"https:\/\/verkkokauppa.ouka.fi\/oulu2026\/wp-json\/wp\/v2\/product\/1033","targetHints":{"allow":["GET"]}}],"collection":[{"href":"https:\/\/verkkokauppa.ouka.fi\/oulu2026\/wp-json\/wp\/v2\/product"}],"about":[{"href":"https:\/\/verkkokauppa.ouka.fi\/oulu2026\/wp-json\/wp\/v2\/types\/product"}],"wp:featuredmedia":[{"embeddable":true,"href":"https:\/\/verkkokauppa.ouka.fi\/oulu2026\/wp-json\/wp\/v2\/media\/6603"}],"wp:attachment":[{"href":"https:\/\/verkkokauppa.ouka.fi\/oulu2026\/wp-json\/wp\/v2\/media?parent=1033"}],"wp:term":[{"taxonomy":"product_brand","embeddable":true,"href":"https:\/\/verkkokauppa.ouka.fi\/oulu2026\/wp-json\/wp\/v2\/product_brand?post=1033"},{"taxonomy":"product_cat","embeddable":true,"href":"https:\/\/verkkokauppa.ouka.fi\/oulu2026\/wp-json\/wp\/v2\/product_cat?post=1033"},{"taxonomy":"product_tag","embeddable":true,"href":"https:\/\/verkkokauppa.ouka.fi\/oulu2026\/wp-json\/wp\/v2\/product_tag?post=1033"}],"curies":[{"name":"wp","href":"https:\/\/api.w.org\/{rel}","templated":true}]}}