{"id":1038,"date":"2025-11-05T10:13:50","date_gmt":"2025-11-05T08:13:50","guid":{"rendered":"https:\/\/verkkokauppa.ouka.fi\/oulu2026\/tuote\/korvakoru\/"},"modified":"2026-03-06T14:57:00","modified_gmt":"2026-03-06T12:57:00","slug":"korvakoru","status":"publish","type":"product","link":"https:\/\/verkkokauppa.ouka.fi\/oulu2026\/tuote\/korvakoru\/","title":{"rendered":"Korvakorut"},"content":{"rendered":"<p>Kevyet Oulu2026-korvakorut tuovat paikallista designia arkeen ja juhlaan. Korvakorut on valmistettu kotimaisesta koivuvanerista ja kirurginter\u00e4ksest\u00e4, joten ne ovat sek\u00e4 kevyet ett\u00e4 hypoallergeeniset.<\/p>\n<p>Saatavana eri v\u00e4rein\u00e4.<br \/>Tappikiinnitys takaa napakan ja mukavan k\u00e4yt\u00f6n. Tuotteen on suunnitellut ja valmistanut oululainen Maesema.\u00a0<\/p>\n","protected":false},"excerpt":{"rendered":"<p>Kevyet Oulu2026-korvakorut tuovat paikallista designia arkeen ja juhlaan. Korvakorut on valmistettu kotimaisesta koivuvanerista ja kirurginter\u00e4ksest\u00e4, joten ne ovat sek\u00e4 kevyet ett\u00e4 hypoallergeeniset. Saatavana eri v\u00e4rein\u00e4.Tappikiinnitys takaa napakan ja mukavan k\u00e4yt\u00f6n. Tuotteen on suunnitellut ja valmistanut oululainen Maesema.\u00a0<\/p>\n","protected":false},"featured_media":1092,"template":"","meta":{"slim_seo":{"title":"Korvakorut - Oulu2026-verkkokauppa","description":"Kevyet Oulu2026-korvakorut tuovat paikallista designia arkeen ja juhlaan. Korvakorut on valmistettu kotimaisesta koivuvanerista ja kirurginter\u00e4ksest\u00e4, joten ne"}},"product_brand":[],"product_cat":[35],"product_tag":[],"class_list":{"0":"post-1038","1":"product","2":"type-product","3":"status-publish","4":"has-post-thumbnail","6":"product_cat-asusteet","8":"first","9":"instock","10":"taxable","11":"shipping-taxable","12":"purchasable","13":"product-type-variable"},"_links":{"self":[{"href":"https:\/\/verkkokauppa.ouka.fi\/oulu2026\/wp-json\/wp\/v2\/product\/1038","targetHints":{"allow":["GET"]}}],"collection":[{"href":"https:\/\/verkkokauppa.ouka.fi\/oulu2026\/wp-json\/wp\/v2\/product"}],"about":[{"href":"https:\/\/verkkokauppa.ouka.fi\/oulu2026\/wp-json\/wp\/v2\/types\/product"}],"wp:featuredmedia":[{"embeddable":true,"href":"https:\/\/verkkokauppa.ouka.fi\/oulu2026\/wp-json\/wp\/v2\/media\/1092"}],"wp:attachment":[{"href":"https:\/\/verkkokauppa.ouka.fi\/oulu2026\/wp-json\/wp\/v2\/media?parent=1038"}],"wp:term":[{"taxonomy":"product_brand","embeddable":true,"href":"https:\/\/verkkokauppa.ouka.fi\/oulu2026\/wp-json\/wp\/v2\/product_brand?post=1038"},{"taxonomy":"product_cat","embeddable":true,"href":"https:\/\/verkkokauppa.ouka.fi\/oulu2026\/wp-json\/wp\/v2\/product_cat?post=1038"},{"taxonomy":"product_tag","embeddable":true,"href":"https:\/\/verkkokauppa.ouka.fi\/oulu2026\/wp-json\/wp\/v2\/product_tag?post=1038"}],"curies":[{"name":"wp","href":"https:\/\/api.w.org\/{rel}","templated":true}]}}