{"id":1387,"date":"2025-12-17T00:05:56","date_gmt":"2025-12-16T22:05:56","guid":{"rendered":"https:\/\/verkkokauppa.ouka.fi\/oulu2026\/tuote\/t-paita-unisex-printti\/"},"modified":"2026-04-28T07:36:55","modified_gmt":"2026-04-28T04:36:55","slug":"t-paita-unisex-printti","status":"publish","type":"product","link":"https:\/\/verkkokauppa.ouka.fi\/oulu2026\/tuote\/t-paita-unisex-printti\/","title":{"rendered":"T-paita (unisex) printti"},"content":{"rendered":"<p>Unisex-mallinen, valkoinen t-paita. Valmistettu sertifioidusta, 100 % luomupuuvillasta.<br \/>\u00a0<br \/>Edess\u00e4 ilmeik\u00e4s Oulu-aiheinen painatus, joka on kuvittaja Jari Johanneksen k\u00e4sialaa.\u00a0<\/p>\n<h4>Kokotaulukko<\/h4>\n<table style=\"width: 75%;height: 201.515px\">\n<tbody>\n<tr style=\"height: 22.3906px\">\n<th style=\"height: 22.3906px\">Koko<\/th>\n<th style=\"height: 22.3906px\">Leveys<\/th>\n<th style=\"height: 22.3906px\">Pituus<\/th>\n<th style=\"height: 22.3906px\">Hihan pituus<\/th>\n<\/tr>\n<tr style=\"height: 22.3906px\">\n<td style=\"height: 22.3906px\">XS<\/td>\n<td style=\"height: 22.3906px\">47,5 cm<\/td>\n<td style=\"height: 22.3906px\">65,0 cm<\/td>\n<td style=\"height: 22.3906px\">21,0 cm<\/td>\n<\/tr>\n<tr style=\"height: 22.3906px\">\n<td style=\"height: 22.3906px\">S<\/td>\n<td style=\"height: 22.3906px\">49,5 cm<\/td>\n<td style=\"height: 22.3906px\">69,0 cm<\/td>\n<td style=\"height: 22.3906px\">22,5 cm<\/td>\n<\/tr>\n<tr style=\"height: 22.3906px\">\n<td style=\"height: 22.3906px\">M<\/td>\n<td style=\"height: 22.3906px\">53,5 cm<\/td>\n<td style=\"height: 22.3906px\">73,0 cm<\/td>\n<td style=\"height: 22.3906px\">24,0 cm<\/td>\n<\/tr>\n<tr style=\"height: 22.3906px\">\n<td style=\"height: 22.3906px\">L<\/td>\n<td style=\"height: 22.3906px\">56,5 cm<\/td>\n<td style=\"height: 22.3906px\">75,0 cm<\/td>\n<td style=\"height: 22.3906px\">24,5 cm<\/td>\n<\/tr>\n<tr style=\"height: 22.3906px\">\n<td style=\"height: 22.3906px\">XL<\/td>\n<td style=\"height: 22.3906px\">59,5 cm<\/td>\n<td style=\"height: 22.3906px\">77,0 cm<\/td>\n<td style=\"height: 22.3906px\">25,0 cm<\/td>\n<\/tr>\n<tr style=\"height: 22.3906px\">\n<td style=\"height: 22.3906px\">2XL<\/td>\n<td style=\"height: 22.3906px\">63,5 cm<\/td>\n<td style=\"height: 22.3906px\">79,0 cm<\/td>\n<td style=\"height: 22.3906px\">25,5 cm<\/td>\n<\/tr>\n<tr style=\"height: 22.3906px\">\n<td style=\"height: 22.3906px\">3XL<\/td>\n<td style=\"height: 22.3906px\">67,5 cm<\/td>\n<td style=\"height: 22.3906px\">81,0 cm<\/td>\n<td style=\"height: 22.3906px\">26,0 cm<\/td>\n<\/tr>\n<\/tbody>\n<\/table>\n","protected":false},"excerpt":{"rendered":"<p>Unisex-mallinen, valkoinen t-paita. Valmistettu sertifioidusta, 100 % luomupuuvillasta.\u00a0Edess\u00e4 ilmeik\u00e4s Oulu-aiheinen painatus, joka on kuvittaja Jari Johanneksen k\u00e4sialaa.\u00a0 Kokotaulukko Koko Leveys Pituus Hihan pituus XS 47,5 cm 65,0 cm 21,0 cm S 49,5 cm 69,0 cm 22,5 cm M 53,5 cm 73,0 cm 24,0 cm L 56,5 cm 75,0 cm 24,5 cm XL 59,5 cm 77,0 [&hellip;]<\/p>\n","protected":false},"featured_media":1384,"template":"","meta":{"slim_seo":{"title":"T-paita (unisex) printti - Oulu2026-verkkokauppa","description":"Unisex-mallinen, valkoinen t-paita. Valmistettu sertifioidusta, 100 % luomupuuvillasta. \u00a0 Edess\u00e4 ilmeik\u00e4s Oulu-aiheinen painatus, joka on kuvittaja Jari Johanne"}},"product_brand":[],"product_cat":[38],"product_tag":[],"class_list":{"0":"post-1387","1":"product","2":"type-product","3":"status-publish","4":"has-post-thumbnail","6":"product_cat-vaatteet","8":"first","9":"instock","10":"taxable","11":"shipping-taxable","12":"purchasable","13":"product-type-variable"},"_links":{"self":[{"href":"https:\/\/verkkokauppa.ouka.fi\/oulu2026\/wp-json\/wp\/v2\/product\/1387","targetHints":{"allow":["GET"]}}],"collection":[{"href":"https:\/\/verkkokauppa.ouka.fi\/oulu2026\/wp-json\/wp\/v2\/product"}],"about":[{"href":"https:\/\/verkkokauppa.ouka.fi\/oulu2026\/wp-json\/wp\/v2\/types\/product"}],"wp:featuredmedia":[{"embeddable":true,"href":"https:\/\/verkkokauppa.ouka.fi\/oulu2026\/wp-json\/wp\/v2\/media\/1384"}],"wp:attachment":[{"href":"https:\/\/verkkokauppa.ouka.fi\/oulu2026\/wp-json\/wp\/v2\/media?parent=1387"}],"wp:term":[{"taxonomy":"product_brand","embeddable":true,"href":"https:\/\/verkkokauppa.ouka.fi\/oulu2026\/wp-json\/wp\/v2\/product_brand?post=1387"},{"taxonomy":"product_cat","embeddable":true,"href":"https:\/\/verkkokauppa.ouka.fi\/oulu2026\/wp-json\/wp\/v2\/product_cat?post=1387"},{"taxonomy":"product_tag","embeddable":true,"href":"https:\/\/verkkokauppa.ouka.fi\/oulu2026\/wp-json\/wp\/v2\/product_tag?post=1387"}],"curies":[{"name":"wp","href":"https:\/\/api.w.org\/{rel}","templated":true}]}}