{"id":1392,"date":"2025-12-17T00:05:59","date_gmt":"2025-12-16T22:05:59","guid":{"rendered":"https:\/\/verkkokauppa.ouka.fi\/oulu2026\/tuote\/lasten-t-paita-printti\/"},"modified":"2026-04-24T17:37:28","modified_gmt":"2026-04-24T14:37:28","slug":"lasten-t-paita-printti","status":"publish","type":"product","link":"https:\/\/verkkokauppa.ouka.fi\/oulu2026\/tuote\/lasten-t-paita-printti\/","title":{"rendered":"Lasten T-paita, printti"},"content":{"rendered":"<p>Sertifioitua luomupuuvillaa. Lis\u00e4tietoja materiaalista ja sertifikaateista l\u00f6ytyy t\u00e4\u00e4lt\u00e4 (https:\/\/natua.fi\/t-paidat-painatuksella\/stanleystella-mini-creator-2-lasten-t-paita\/).<\/p>\n<p>Saatavana viidess\u00e4 eri koossa.<\/p>\n<p>Edess\u00e4 ilmeik\u00e4s Oulu-aiheinen painatus, joka on kuvittaja Jari Johanneksen k\u00e4sialaa.<\/p>\n<h4>Kokotaulukko<\/h4>\n<table style=\"width: 75%;height: 201.515px\">\n<tbody>\n<tr style=\"height: 22.3906px\">\n<th style=\"height: 22.3906px\">Koko cm<\/th>\n<th style=\"height: 22.3906px\">Ik\u00e4\u00a0<\/th>\n<th style=\"height: 22.3906px\">Leveys<\/th>\n<th style=\"height: 22.3906px\">Pituus<\/th>\n<\/tr>\n<tr style=\"height: 22.3906px\">\n<td style=\"height: 22.3906px\">98-104\u00a0<\/td>\n<td style=\"height: 22.3906px\">3-4<\/td>\n<td style=\"height: 22.3906px\">34,0 cm<\/td>\n<td style=\"height: 22.3906px\">43,0 cm<\/td>\n<\/tr>\n<tr style=\"height: 22.3906px\">\n<td style=\"height: 22.3906px\">110-116<\/td>\n<td style=\"height: 22.3906px\">5-6<\/td>\n<td style=\"height: 22.3906px\">36,0 cm<\/td>\n<td style=\"height: 22.3906px\">47,0 cm<\/td>\n<\/tr>\n<tr style=\"height: 22.3906px\">\n<td style=\"height: 22.3906px\">122-128<\/td>\n<td style=\"height: 22.3906px\">7-8<\/td>\n<td style=\"height: 22.3906px\">38,0 cm<\/td>\n<td style=\"height: 22.3906px\">52,0 cm<\/td>\n<\/tr>\n<tr style=\"height: 22.3906px\">\n<td style=\"height: 22.3906px\">134-146<\/td>\n<td style=\"height: 22.3906px\">9-11<\/td>\n<td style=\"height: 22.3906px\">42,0 cm<\/td>\n<td style=\"height: 22.3906px\">59,0 cm<\/td>\n<\/tr>\n<tr style=\"height: 22.3906px\">\n<td style=\"height: 22.3906px\">152-158<\/td>\n<td style=\"height: 22.3906px\">12-13<\/td>\n<td style=\"height: 22.3906px\">46,0 cm<\/td>\n<td style=\"height: 22.3906px\">66,0 cm<\/td>\n<\/tr>\n<\/tbody>\n<\/table>\n","protected":false},"excerpt":{"rendered":"<p>Sertifioitua luomupuuvillaa. Lis\u00e4tietoja materiaalista ja sertifikaateista l\u00f6ytyy t\u00e4\u00e4lt\u00e4 (https:\/\/natua.fi\/t-paidat-painatuksella\/stanleystella-mini-creator-2-lasten-t-paita\/). Saatavana viidess\u00e4 eri koossa. Edess\u00e4 ilmeik\u00e4s Oulu-aiheinen painatus, joka on kuvittaja Jari Johanneksen k\u00e4sialaa. Kokotaulukko Koko cm Ik\u00e4\u00a0 Leveys Pituus 98-104\u00a0 3-4 34,0 cm 43,0 cm 110-116 5-6 36,0 cm 47,0 cm 122-128 7-8 38,0 cm 52,0 cm 134-146 9-11 42,0 cm 59,0 cm 152-158 12-13 [&hellip;]<\/p>\n","protected":false},"featured_media":1389,"template":"","meta":{"slim_seo":{"title":"Lasten T-paita, printti - Oulu2026-verkkokauppa","description":"Sertifioitua luomupuuvillaa. Lis\u00e4tietoja materiaalista ja sertifikaateista l\u00f6ytyy t\u00e4\u00e4lt\u00e4 (https:\/\/natua.fi\/t-paidat-painatuksella\/stanleystella-mini-creator-2-l"}},"product_brand":[],"product_cat":[38],"product_tag":[],"class_list":{"0":"post-1392","1":"product","2":"type-product","3":"status-publish","4":"has-post-thumbnail","6":"product_cat-vaatteet","8":"first","9":"instock","10":"taxable","11":"shipping-taxable","12":"purchasable","13":"product-type-variable"},"_links":{"self":[{"href":"https:\/\/verkkokauppa.ouka.fi\/oulu2026\/wp-json\/wp\/v2\/product\/1392","targetHints":{"allow":["GET"]}}],"collection":[{"href":"https:\/\/verkkokauppa.ouka.fi\/oulu2026\/wp-json\/wp\/v2\/product"}],"about":[{"href":"https:\/\/verkkokauppa.ouka.fi\/oulu2026\/wp-json\/wp\/v2\/types\/product"}],"wp:featuredmedia":[{"embeddable":true,"href":"https:\/\/verkkokauppa.ouka.fi\/oulu2026\/wp-json\/wp\/v2\/media\/1389"}],"wp:attachment":[{"href":"https:\/\/verkkokauppa.ouka.fi\/oulu2026\/wp-json\/wp\/v2\/media?parent=1392"}],"wp:term":[{"taxonomy":"product_brand","embeddable":true,"href":"https:\/\/verkkokauppa.ouka.fi\/oulu2026\/wp-json\/wp\/v2\/product_brand?post=1392"},{"taxonomy":"product_cat","embeddable":true,"href":"https:\/\/verkkokauppa.ouka.fi\/oulu2026\/wp-json\/wp\/v2\/product_cat?post=1392"},{"taxonomy":"product_tag","embeddable":true,"href":"https:\/\/verkkokauppa.ouka.fi\/oulu2026\/wp-json\/wp\/v2\/product_tag?post=1392"}],"curies":[{"name":"wp","href":"https:\/\/api.w.org\/{rel}","templated":true}]}}