{"id":1397,"date":"2025-12-17T00:06:03","date_gmt":"2025-12-16T22:06:03","guid":{"rendered":"https:\/\/verkkokauppa.ouka.fi\/oulu2026\/tuote\/kangaskassi\/"},"modified":"2026-04-05T12:25:41","modified_gmt":"2026-04-05T09:25:41","slug":"kangaskassi","status":"publish","type":"product","link":"https:\/\/verkkokauppa.ouka.fi\/oulu2026\/tuote\/kangaskassi\/","title":{"rendered":"Kangaskassi"},"content":{"rendered":"<p>Kangaskassi on 100 % GOTS-luomupuuvillaa ja vahvuudeltaan 160 g\/m2.\u00a0<\/p>\n<p>Kassin koko: Leveys 37 cm, pituus 42 cm ja hihnan pituus 65 cm. Pohja \u00a0on suoraan ommeltu, ilman \u00a0levent\u00e4v\u00e4\u00e4 vekkilevennyst\u00e4.\u00a0<\/p>\n<p>Edess\u00e4 ilmeik\u00e4s Oulu-aiheinen painatus, joka on kuvittaja Jari Johanneksen k\u00e4sialaa.<\/p>\n","protected":false},"excerpt":{"rendered":"<p>Kangaskassi on 100 % GOTS-luomupuuvillaa ja vahvuudeltaan 160 g\/m2.\u00a0 Kassin koko: Leveys 37 cm, pituus 42 cm ja hihnan pituus 65 cm. Pohja \u00a0on suoraan ommeltu, ilman \u00a0levent\u00e4v\u00e4\u00e4 vekkilevennyst\u00e4.\u00a0 Edess\u00e4 ilmeik\u00e4s Oulu-aiheinen painatus, joka on kuvittaja Jari Johanneksen k\u00e4sialaa.<\/p>\n","protected":false},"featured_media":1394,"template":"","meta":{"slim_seo":{"title":"Kangaskassi - Oulu2026-verkkokauppa","description":"Kangaskassi on 100 % GOTS-luomupuuvillaa ja vahvuudeltaan 160 g\/m2.\u00a0 Kassin koko: Leveys 37 cm, pituus 42 cm ja hihnan pituus 65 cm. Pohja \u00a0on suoraan ommeltu,"}},"product_brand":[],"product_cat":[35],"product_tag":[],"class_list":{"0":"post-1397","1":"product","2":"type-product","3":"status-publish","4":"has-post-thumbnail","6":"product_cat-asusteet","8":"first","9":"instock","10":"taxable","11":"shipping-taxable","12":"purchasable","13":"product-type-variable"},"_links":{"self":[{"href":"https:\/\/verkkokauppa.ouka.fi\/oulu2026\/wp-json\/wp\/v2\/product\/1397","targetHints":{"allow":["GET"]}}],"collection":[{"href":"https:\/\/verkkokauppa.ouka.fi\/oulu2026\/wp-json\/wp\/v2\/product"}],"about":[{"href":"https:\/\/verkkokauppa.ouka.fi\/oulu2026\/wp-json\/wp\/v2\/types\/product"}],"wp:featuredmedia":[{"embeddable":true,"href":"https:\/\/verkkokauppa.ouka.fi\/oulu2026\/wp-json\/wp\/v2\/media\/1394"}],"wp:attachment":[{"href":"https:\/\/verkkokauppa.ouka.fi\/oulu2026\/wp-json\/wp\/v2\/media?parent=1397"}],"wp:term":[{"taxonomy":"product_brand","embeddable":true,"href":"https:\/\/verkkokauppa.ouka.fi\/oulu2026\/wp-json\/wp\/v2\/product_brand?post=1397"},{"taxonomy":"product_cat","embeddable":true,"href":"https:\/\/verkkokauppa.ouka.fi\/oulu2026\/wp-json\/wp\/v2\/product_cat?post=1397"},{"taxonomy":"product_tag","embeddable":true,"href":"https:\/\/verkkokauppa.ouka.fi\/oulu2026\/wp-json\/wp\/v2\/product_tag?post=1397"}],"curies":[{"name":"wp","href":"https:\/\/api.w.org\/{rel}","templated":true}]}}