{"id":2231,"date":"2026-01-13T10:29:01","date_gmt":"2026-01-13T08:29:01","guid":{"rendered":"https:\/\/verkkokauppa.ouka.fi\/oulu2026\/tuote\/oulu-2026-lautanen\/"},"modified":"2026-04-20T16:55:45","modified_gmt":"2026-04-20T13:55:45","slug":"oulu-2026-lautanen","status":"publish","type":"product","link":"https:\/\/verkkokauppa.ouka.fi\/oulu2026\/tuote\/oulu-2026-lautanen\/","title":{"rendered":"Oulu 2026-lautanen"},"content":{"rendered":"<p>Kest\u00e4v\u00e4st\u00e4 jaloter\u00e4ksest\u00e4 valmistettu, ajaton metallin v\u00e4rinen lautanen monipuoliseen k\u00e4ytt\u00f6\u00f6n. Koko 15cm X 15 cm. Tuote tulee pieness\u00e4 pakkauksessa. Pohjassa Oulu2026-kaiverrus.<\/p>\n","protected":false},"excerpt":{"rendered":"<p>Kest\u00e4v\u00e4st\u00e4 jaloter\u00e4ksest\u00e4 valmistettu, ajaton metallin v\u00e4rinen lautanen monipuoliseen k\u00e4ytt\u00f6\u00f6n. Koko 15cm X 15 cm. Tuote tulee pieness\u00e4 pakkauksessa. Pohjassa Oulu2026-kaiverrus.<\/p>\n","protected":false},"featured_media":2233,"template":"","meta":{"slim_seo":{"title":"Oulu 2026-lautanen - Oulu2026-verkkokauppa","description":"Kest\u00e4v\u00e4st\u00e4 jaloter\u00e4ksest\u00e4 valmistettu, ajaton metallin v\u00e4rinen lautanen monipuoliseen k\u00e4ytt\u00f6\u00f6n. Koko 15cm X 15 cm. Tuote tulee pieness\u00e4 pakkauksessa. Pohjassa O"}},"product_brand":[],"product_cat":[49],"product_tag":[65,66,67],"class_list":{"0":"post-2231","1":"product","2":"type-product","3":"status-publish","4":"has-post-thumbnail","6":"product_cat-muut-tuotteet","7":"product_tag-lautanen","8":"product_tag-nikama","9":"product_tag-oulu2026-lautanen","11":"first","12":"instock","13":"taxable","14":"shipping-taxable","15":"purchasable","16":"product-type-simple"},"_links":{"self":[{"href":"https:\/\/verkkokauppa.ouka.fi\/oulu2026\/wp-json\/wp\/v2\/product\/2231","targetHints":{"allow":["GET"]}}],"collection":[{"href":"https:\/\/verkkokauppa.ouka.fi\/oulu2026\/wp-json\/wp\/v2\/product"}],"about":[{"href":"https:\/\/verkkokauppa.ouka.fi\/oulu2026\/wp-json\/wp\/v2\/types\/product"}],"wp:featuredmedia":[{"embeddable":true,"href":"https:\/\/verkkokauppa.ouka.fi\/oulu2026\/wp-json\/wp\/v2\/media\/2233"}],"wp:attachment":[{"href":"https:\/\/verkkokauppa.ouka.fi\/oulu2026\/wp-json\/wp\/v2\/media?parent=2231"}],"wp:term":[{"taxonomy":"product_brand","embeddable":true,"href":"https:\/\/verkkokauppa.ouka.fi\/oulu2026\/wp-json\/wp\/v2\/product_brand?post=2231"},{"taxonomy":"product_cat","embeddable":true,"href":"https:\/\/verkkokauppa.ouka.fi\/oulu2026\/wp-json\/wp\/v2\/product_cat?post=2231"},{"taxonomy":"product_tag","embeddable":true,"href":"https:\/\/verkkokauppa.ouka.fi\/oulu2026\/wp-json\/wp\/v2\/product_tag?post=2231"}],"curies":[{"name":"wp","href":"https:\/\/api.w.org\/{rel}","templated":true}]}}