{"id":398,"date":"2025-07-01T13:30:21","date_gmt":"2025-07-01T10:30:21","guid":{"rendered":"https:\/\/verkkokauppa.ouka.fi\/oulu2026\/tuote\/pipo-merinovilla\/"},"modified":"2026-04-17T14:32:06","modified_gmt":"2026-04-17T11:32:06","slug":"pipo-merinovilla","status":"publish","type":"product","link":"https:\/\/verkkokauppa.ouka.fi\/oulu2026\/tuote\/pipo-merinovilla\/","title":{"rendered":"Merinovillapipo"},"content":{"rendered":"<p>Kotimainen 100% merinovillapipo, kudottu saumamerkki k\u00e4\u00e4nteess\u00e4.<\/p>\n","protected":false},"excerpt":{"rendered":"<p>Kotimainen 100% merinovillapipo, kudottu saumamerkki k\u00e4\u00e4nteess\u00e4.<\/p>\n","protected":false},"featured_media":394,"template":"","meta":{"slim_seo":{"facebook_image":"https:\/\/verkkokauppa.ouka.fi\/oulu2026\/wp-content\/uploads\/sites\/5\/2025\/11\/Some_tuotekuvat_Kuva_Linnea_Laatikainen-01.jpg","title":"Merinovillapipo - Oulu2026-verkkokauppa","description":"Kotimainen 100% merinovillapipo, kudottu saumamerkki k\u00e4\u00e4nteess\u00e4."}},"product_brand":[],"product_cat":[35],"product_tag":[70,69,68],"class_list":{"0":"post-398","1":"product","2":"type-product","3":"status-publish","4":"has-post-thumbnail","6":"product_cat-asusteet","7":"product_tag-merinovilla","8":"product_tag-oulu2026-pipo","9":"product_tag-pipo","11":"first","12":"instock","13":"taxable","14":"shipping-taxable","15":"purchasable","16":"product-type-simple"},"_links":{"self":[{"href":"https:\/\/verkkokauppa.ouka.fi\/oulu2026\/wp-json\/wp\/v2\/product\/398","targetHints":{"allow":["GET"]}}],"collection":[{"href":"https:\/\/verkkokauppa.ouka.fi\/oulu2026\/wp-json\/wp\/v2\/product"}],"about":[{"href":"https:\/\/verkkokauppa.ouka.fi\/oulu2026\/wp-json\/wp\/v2\/types\/product"}],"wp:featuredmedia":[{"embeddable":true,"href":"https:\/\/verkkokauppa.ouka.fi\/oulu2026\/wp-json\/wp\/v2\/media\/394"}],"wp:attachment":[{"href":"https:\/\/verkkokauppa.ouka.fi\/oulu2026\/wp-json\/wp\/v2\/media?parent=398"}],"wp:term":[{"taxonomy":"product_brand","embeddable":true,"href":"https:\/\/verkkokauppa.ouka.fi\/oulu2026\/wp-json\/wp\/v2\/product_brand?post=398"},{"taxonomy":"product_cat","embeddable":true,"href":"https:\/\/verkkokauppa.ouka.fi\/oulu2026\/wp-json\/wp\/v2\/product_cat?post=398"},{"taxonomy":"product_tag","embeddable":true,"href":"https:\/\/verkkokauppa.ouka.fi\/oulu2026\/wp-json\/wp\/v2\/product_tag?post=398"}],"curies":[{"name":"wp","href":"https:\/\/api.w.org\/{rel}","templated":true}]}}