{"id":405,"date":"2025-07-01T13:30:33","date_gmt":"2025-07-01T10:30:33","guid":{"rendered":"https:\/\/verkkokauppa.ouka.fi\/oulu2026\/tuote\/pieni-olkalaukku\/"},"modified":"2026-03-06T14:54:01","modified_gmt":"2026-03-06T12:54:01","slug":"pieni-olkalaukku","status":"publish","type":"product","link":"https:\/\/verkkokauppa.ouka.fi\/oulu2026\/tuote\/pieni-olkalaukku\/","title":{"rendered":"Pieni olkalaukku"},"content":{"rendered":"<p>Monik\u00e4ytt\u00f6inen pieni pussi 50 denierin polyesterista. Suljettava vetoketjutasku ja edess\u00e4 avoin verkkotasku. S\u00e4\u00e4dett\u00e4v\u00e4 olkahihna. Edess\u00e4 logopainatus.<\/p>\n<p>Mitat 12 x 19 x 2cm<\/p>\n","protected":false},"excerpt":{"rendered":"<p>Monik\u00e4ytt\u00f6inen pieni pussi 50 denierin polyesterista. Suljettava vetoketjutasku ja edess\u00e4 avoin verkkotasku. S\u00e4\u00e4dett\u00e4v\u00e4 olkahihna. Edess\u00e4 logopainatus. Mitat 12 x 19 x 2cm<\/p>\n","protected":false},"featured_media":402,"template":"","meta":{"slim_seo":{"title":"Pieni olkalaukku - Oulu2026-verkkokauppa","description":"Monik\u00e4ytt\u00f6inen pieni pussi 50 denierin polyesterista. Suljettava vetoketjutasku ja edess\u00e4 avoin verkkotasku. S\u00e4\u00e4dett\u00e4v\u00e4 olkahihna. Edess\u00e4 logopainatus. Mitat 12"}},"product_brand":[],"product_cat":[35],"product_tag":[],"class_list":{"0":"post-405","1":"product","2":"type-product","3":"status-publish","4":"has-post-thumbnail","6":"product_cat-asusteet","8":"first","9":"instock","10":"taxable","11":"shipping-taxable","12":"purchasable","13":"product-type-simple"},"_links":{"self":[{"href":"https:\/\/verkkokauppa.ouka.fi\/oulu2026\/wp-json\/wp\/v2\/product\/405","targetHints":{"allow":["GET"]}}],"collection":[{"href":"https:\/\/verkkokauppa.ouka.fi\/oulu2026\/wp-json\/wp\/v2\/product"}],"about":[{"href":"https:\/\/verkkokauppa.ouka.fi\/oulu2026\/wp-json\/wp\/v2\/types\/product"}],"wp:featuredmedia":[{"embeddable":true,"href":"https:\/\/verkkokauppa.ouka.fi\/oulu2026\/wp-json\/wp\/v2\/media\/402"}],"wp:attachment":[{"href":"https:\/\/verkkokauppa.ouka.fi\/oulu2026\/wp-json\/wp\/v2\/media?parent=405"}],"wp:term":[{"taxonomy":"product_brand","embeddable":true,"href":"https:\/\/verkkokauppa.ouka.fi\/oulu2026\/wp-json\/wp\/v2\/product_brand?post=405"},{"taxonomy":"product_cat","embeddable":true,"href":"https:\/\/verkkokauppa.ouka.fi\/oulu2026\/wp-json\/wp\/v2\/product_cat?post=405"},{"taxonomy":"product_tag","embeddable":true,"href":"https:\/\/verkkokauppa.ouka.fi\/oulu2026\/wp-json\/wp\/v2\/product_tag?post=405"}],"curies":[{"name":"wp","href":"https:\/\/api.w.org\/{rel}","templated":true}]}}