{"id":410,"date":"2025-07-01T13:30:42","date_gmt":"2025-07-01T10:30:42","guid":{"rendered":"https:\/\/verkkokauppa.ouka.fi\/oulu2026\/tuote\/kangaskassi-paksu\/"},"modified":"2026-04-18T13:18:09","modified_gmt":"2026-04-18T10:18:09","slug":"kangaskassi-paksu","status":"publish","type":"product","link":"https:\/\/verkkokauppa.ouka.fi\/oulu2026\/tuote\/kangaskassi-paksu\/","title":{"rendered":"Iso kangaskassi"},"content":{"rendered":"<p>Tavallista paksummasta, 300 g\/m\u00b2:n canvas-kankaasta valmistettu iso kangaskassi. Valmistettu luomupuuvillasta (80 %) ja kierr\u00e4tetyst\u00e4 polyesterista (20 %).&#8221;<\/p>\n<p>Leveys 14 cm, pituus 37 cm, korkeus 49 cm, hihnan pituus 70 cm.<\/p>\n<p>V\u00e4rik\u00e4s Oulu2026-muotografiikka ja logopainatus edess\u00e4.<\/p>\n","protected":false},"excerpt":{"rendered":"<p>Tavallista paksummasta, 300 g\/m\u00b2:n canvas-kankaasta valmistettu iso kangaskassi. Valmistettu luomupuuvillasta (80 %) ja kierr\u00e4tetyst\u00e4 polyesterista (20 %).&#8221; Leveys 14 cm, pituus 37 cm, korkeus 49 cm, hihnan pituus 70 cm. V\u00e4rik\u00e4s Oulu2026-muotografiikka ja logopainatus edess\u00e4.<\/p>\n","protected":false},"featured_media":407,"template":"","meta":{"slim_seo":{"facebook_image":"https:\/\/verkkokauppa.ouka.fi\/oulu2026\/wp-content\/uploads\/sites\/5\/2025\/11\/Kuvat-Linnea-Laatikainen-051.jpg","title":"Iso kangaskassi - Oulu2026-verkkokauppa","description":"Tavallista paksummasta, 300 g\/m\u00b2:n canvas-kankaasta valmistettu iso kangaskassi. Valmistettu luomupuuvillasta (80 %) ja kierr\u00e4tetyst\u00e4 polyesterista (20 %).\" Lev"}},"product_brand":[],"product_cat":[35],"product_tag":[64,63,62],"class_list":{"0":"post-410","1":"product","2":"type-product","3":"status-publish","4":"has-post-thumbnail","6":"product_cat-asusteet","7":"product_tag-oulu2026-kassi","8":"product_tag-paksu-kangaskassi","9":"product_tag-shopping-bag","11":"first","12":"instock","13":"taxable","14":"shipping-taxable","15":"purchasable","16":"product-type-simple"},"_links":{"self":[{"href":"https:\/\/verkkokauppa.ouka.fi\/oulu2026\/wp-json\/wp\/v2\/product\/410","targetHints":{"allow":["GET"]}}],"collection":[{"href":"https:\/\/verkkokauppa.ouka.fi\/oulu2026\/wp-json\/wp\/v2\/product"}],"about":[{"href":"https:\/\/verkkokauppa.ouka.fi\/oulu2026\/wp-json\/wp\/v2\/types\/product"}],"wp:featuredmedia":[{"embeddable":true,"href":"https:\/\/verkkokauppa.ouka.fi\/oulu2026\/wp-json\/wp\/v2\/media\/407"}],"wp:attachment":[{"href":"https:\/\/verkkokauppa.ouka.fi\/oulu2026\/wp-json\/wp\/v2\/media?parent=410"}],"wp:term":[{"taxonomy":"product_brand","embeddable":true,"href":"https:\/\/verkkokauppa.ouka.fi\/oulu2026\/wp-json\/wp\/v2\/product_brand?post=410"},{"taxonomy":"product_cat","embeddable":true,"href":"https:\/\/verkkokauppa.ouka.fi\/oulu2026\/wp-json\/wp\/v2\/product_cat?post=410"},{"taxonomy":"product_tag","embeddable":true,"href":"https:\/\/verkkokauppa.ouka.fi\/oulu2026\/wp-json\/wp\/v2\/product_tag?post=410"}],"curies":[{"name":"wp","href":"https:\/\/api.w.org\/{rel}","templated":true}]}}