{"id":6546,"date":"2026-04-16T13:42:38","date_gmt":"2026-04-16T10:42:38","guid":{"rendered":"https:\/\/verkkokauppa.ouka.fi\/oulu2026\/tuote\/hyvaa-oulua-kurkistuksia-arktiseen-ruokalaboratorioon-2\/"},"modified":"2026-04-18T00:04:23","modified_gmt":"2026-04-17T21:04:23","slug":"hyvaa-oulua-kurkistuksia-arktiseen-ruokalaboratorioon-2","status":"publish","type":"product","link":"https:\/\/verkkokauppa.ouka.fi\/oulu2026\/tuote\/hyvaa-oulua-kurkistuksia-arktiseen-ruokalaboratorioon-2\/?lang=en","title":{"rendered":"Hyv\u00e4\u00e4 Oulua &#8211; Kurkistuksia arktiseen ruokalaboratorioon"},"content":{"rendered":"<p>The Hyv\u00e4\u00e4 Oulua book offers glimpses into an Arctic food laboratory. The work explores food phenomena in the Oulu2026 region, as well as its excellent ingredients and the people behind them.<\/p>\n<p>The book is in Finnish, and it includes recipes for both traditional and contemporary dishes.<\/p>\n<p>Written by Piia Rantala-Korhonen, published in 2026 by Siltala Publishing Company. ISBN 9789523885837. Hardcover<\/p>\n","protected":false},"excerpt":{"rendered":"<p>The Hyv\u00e4\u00e4 Oulua book offers glimpses into an Arctic food laboratory. The work explores food phenomena in the Oulu2026 region, as well as its excellent ingredients and the people behind them. The book is in Finnish, and it includes recipes for both traditional and contemporary dishes. Written by Piia Rantala-Korhonen, published in 2026 by Siltala [&hellip;]<\/p>\n","protected":false},"featured_media":6543,"template":"","meta":{"slim_seo":{"title":"Hyv\u00e4\u00e4 Oulua - Kurkistuksia arktiseen ruokalaboratorioon - Oulu2026-verkkokauppa","description":"The Hyv\u00e4\u00e4 Oulua book offers glimpses into an Arctic food laboratory. The work explores food phenomena in the Oulu2026 region, as well as its excellent ingredien"}},"product_brand":[],"product_cat":[50],"product_tag":[],"class_list":{"0":"post-6546","1":"product","2":"type-product","3":"status-publish","4":"has-post-thumbnail","6":"product_cat-other-products","8":"first","9":"instock","10":"taxable","11":"shipping-taxable","12":"purchasable","13":"product-type-simple"},"_links":{"self":[{"href":"https:\/\/verkkokauppa.ouka.fi\/oulu2026\/wp-json\/wp\/v2\/product\/6546","targetHints":{"allow":["GET"]}}],"collection":[{"href":"https:\/\/verkkokauppa.ouka.fi\/oulu2026\/wp-json\/wp\/v2\/product"}],"about":[{"href":"https:\/\/verkkokauppa.ouka.fi\/oulu2026\/wp-json\/wp\/v2\/types\/product"}],"wp:featuredmedia":[{"embeddable":true,"href":"https:\/\/verkkokauppa.ouka.fi\/oulu2026\/wp-json\/wp\/v2\/media\/6543"}],"wp:attachment":[{"href":"https:\/\/verkkokauppa.ouka.fi\/oulu2026\/wp-json\/wp\/v2\/media?parent=6546"}],"wp:term":[{"taxonomy":"product_brand","embeddable":true,"href":"https:\/\/verkkokauppa.ouka.fi\/oulu2026\/wp-json\/wp\/v2\/product_brand?post=6546"},{"taxonomy":"product_cat","embeddable":true,"href":"https:\/\/verkkokauppa.ouka.fi\/oulu2026\/wp-json\/wp\/v2\/product_cat?post=6546"},{"taxonomy":"product_tag","embeddable":true,"href":"https:\/\/verkkokauppa.ouka.fi\/oulu2026\/wp-json\/wp\/v2\/product_tag?post=6546"}],"curies":[{"name":"wp","href":"https:\/\/api.w.org\/{rel}","templated":true}]}}