{"id":950,"date":"2025-10-14T12:59:08","date_gmt":"2025-10-14T09:59:08","guid":{"rendered":"https:\/\/verkkokauppa.ouka.fi\/oulu2026\/tuote\/rauhankoneen-kerroksia-teos-ja-kiasman-korvamato-nayttely\/"},"modified":"2026-03-06T14:54:14","modified_gmt":"2026-03-06T12:54:14","slug":"rauhankoneen-kerroksia-teos-ja-kiasman-korvamato-nayttely","status":"publish","type":"product","link":"https:\/\/verkkokauppa.ouka.fi\/oulu2026\/tuote\/rauhankoneen-kerroksia-teos-ja-kiasman-korvamato-nayttely\/","title":{"rendered":"Rauhankoneen kerroksia -teos ja Kiasman Korvamato -n\u00e4yttely"},"content":{"rendered":"<p>Varaa t\u00e4st\u00e4 maksuton lippusi Oulun kaupungintalolle Rauhankoneen kerroksia ja Korvamato \u2013 Mediataidetta Kiasmasta -n\u00e4yttelyyn.\u00a0N\u00e4yttely sopii kaiken ik\u00e4isille, ja se on maksuton ja esteet\u00f6n.<\/p>\n<p>Huomioithan, ett\u00e4 sinun tulee saapua n\u00e4yttelyyn valitsemanasi aikana. N\u00e4yttelyiden suositeltu vierailuaika on n. 1\u20131,5 h.\u00a0Voit varata liput kerralla enint\u00e4\u00e4n kuudelle henkil\u00f6lle.<\/p>\n<p>Valitse kalenterista tulop\u00e4iv\u00e4, kellonaika sek\u00e4 lippujen m\u00e4\u00e4r\u00e4 ja paina <strong>Varaa nyt. <\/strong>P\u00e4\u00e4set viimeistelem\u00e4\u00e4n tilauksesi ostoskorin kautta siirtym\u00e4ll\u00e4 kassalle. T\u00e4yt\u00e4 kassalla pakolliset tiedot ja paina<strong> L\u00e4het\u00e4 tilaus <\/strong>-painiketta.<\/p>\n<p>Saat ilmoittamaasi s\u00e4hk\u00f6postiosoitteeseen tilausvahvistuksen ja varaamasi m\u00e4\u00e4r\u00e4n p\u00e4\u00e4sylippuja. Lipussa oleva QR-koodi on esitett\u00e4v\u00e4 n\u00e4yttelyyn saapuessa.<\/p>\n","protected":false},"excerpt":{"rendered":"<p>Varaa t\u00e4st\u00e4 maksuton lippusi Oulun kaupungintalolle Rauhankoneen kerroksia ja Korvamato \u2013 Mediataidetta Kiasmasta -n\u00e4yttelyyn.\u00a0N\u00e4yttely sopii kaiken ik\u00e4isille, ja se on maksuton ja esteet\u00f6n. Huomioithan, ett\u00e4 sinun tulee saapua n\u00e4yttelyyn valitsemanasi aikana. N\u00e4yttelyiden suositeltu vierailuaika on n. 1\u20131,5 h.\u00a0Voit varata liput kerralla enint\u00e4\u00e4n kuudelle henkil\u00f6lle. Valitse kalenterista tulop\u00e4iv\u00e4, kellonaika sek\u00e4 lippujen m\u00e4\u00e4r\u00e4 ja paina Varaa nyt. [&hellip;]<\/p>\n","protected":false},"featured_media":1140,"template":"","meta":{"slim_seo":{"title":"Rauhankoneen kerroksia -teos ja Kiasman Korvamato -n\u00e4yttely - Oulu2026-verkkokauppa","description":"Varaa t\u00e4st\u00e4 maksuton lippusi Oulun kaupungintalolle Rauhankoneen kerroksia ja Korvamato \u2013 Mediataidetta Kiasmasta -n\u00e4yttelyyn.\u00a0N\u00e4yttely sopii kaiken ik\u00e4isille,"}},"product_brand":[],"product_cat":[43],"product_tag":[],"class_list":{"0":"post-950","1":"product","2":"type-product","3":"status-publish","4":"has-post-thumbnail","6":"product_cat-varaa-lippu-nayttelyyn","8":"first","9":"instock","10":"virtual","11":"taxable","12":"purchasable","13":"product-type-phive_booking"},"_links":{"self":[{"href":"https:\/\/verkkokauppa.ouka.fi\/oulu2026\/wp-json\/wp\/v2\/product\/950","targetHints":{"allow":["GET"]}}],"collection":[{"href":"https:\/\/verkkokauppa.ouka.fi\/oulu2026\/wp-json\/wp\/v2\/product"}],"about":[{"href":"https:\/\/verkkokauppa.ouka.fi\/oulu2026\/wp-json\/wp\/v2\/types\/product"}],"wp:featuredmedia":[{"embeddable":true,"href":"https:\/\/verkkokauppa.ouka.fi\/oulu2026\/wp-json\/wp\/v2\/media\/1140"}],"wp:attachment":[{"href":"https:\/\/verkkokauppa.ouka.fi\/oulu2026\/wp-json\/wp\/v2\/media?parent=950"}],"wp:term":[{"taxonomy":"product_brand","embeddable":true,"href":"https:\/\/verkkokauppa.ouka.fi\/oulu2026\/wp-json\/wp\/v2\/product_brand?post=950"},{"taxonomy":"product_cat","embeddable":true,"href":"https:\/\/verkkokauppa.ouka.fi\/oulu2026\/wp-json\/wp\/v2\/product_cat?post=950"},{"taxonomy":"product_tag","embeddable":true,"href":"https:\/\/verkkokauppa.ouka.fi\/oulu2026\/wp-json\/wp\/v2\/product_tag?post=950"}],"curies":[{"name":"wp","href":"https:\/\/api.w.org\/{rel}","templated":true}]}}