{"id":975,"date":"2025-10-20T09:59:45","date_gmt":"2025-10-20T06:59:45","guid":{"rendered":"https:\/\/verkkokauppa.ouka.fi\/oulu2026\/tuote\/atlantis-fraser-lippalakki\/"},"modified":"2026-04-19T15:35:11","modified_gmt":"2026-04-19T12:35:11","slug":"atlantis-fraser-lippalakki","status":"publish","type":"product","link":"https:\/\/verkkokauppa.ouka.fi\/oulu2026\/tuote\/atlantis-fraser-lippalakki\/","title":{"rendered":"Atlantis fraser-lippalakki"},"content":{"rendered":"<p>Oulu2026 -lippalakki on valmistettu 100 % luomupuuvillasta. Edess\u00e4 vaaleanpunainen painatus. S\u00e4\u00e4dett\u00e4v\u00e4 malli, mukava istuvuus ja ajaton design \u2013 t\u00e4ydellinen arkeen ja tapahtumiin. Merkki Atlantis Fraser.<\/p>\n","protected":false},"excerpt":{"rendered":"<p>Oulu2026 -lippalakki on valmistettu 100 % luomupuuvillasta. Edess\u00e4 vaaleanpunainen painatus. S\u00e4\u00e4dett\u00e4v\u00e4 malli, mukava istuvuus ja ajaton design \u2013 t\u00e4ydellinen arkeen ja tapahtumiin. Merkki Atlantis Fraser.<\/p>\n","protected":false},"featured_media":972,"template":"","meta":{"slim_seo":{"description":"Ajaton Oulu2026 -lippalakki on valmistettu 100 % luomupuuvillasta. Edess\u00e4 vaaleanpunainen painatus. S\u00e4\u00e4dett\u00e4v\u00e4 malli, mukava istuvuus ja ajaton design \u2013 t\u00e4ydellinen arkeen ja tapahtumiin.","facebook_image":"https:\/\/verkkokauppa.ouka.fi\/oulu2026\/wp-content\/uploads\/sites\/5\/2025\/11\/Kuvat-Linnea-Laatikainen-138.jpg","title":"Atlantis fraser-lippalakki - Oulu2026-verkkokauppa"}},"product_brand":[],"product_cat":[35],"product_tag":[],"class_list":{"0":"post-975","1":"product","2":"type-product","3":"status-publish","4":"has-post-thumbnail","6":"product_cat-asusteet","8":"first","9":"instock","10":"taxable","11":"shipping-taxable","12":"purchasable","13":"product-type-simple"},"_links":{"self":[{"href":"https:\/\/verkkokauppa.ouka.fi\/oulu2026\/wp-json\/wp\/v2\/product\/975","targetHints":{"allow":["GET"]}}],"collection":[{"href":"https:\/\/verkkokauppa.ouka.fi\/oulu2026\/wp-json\/wp\/v2\/product"}],"about":[{"href":"https:\/\/verkkokauppa.ouka.fi\/oulu2026\/wp-json\/wp\/v2\/types\/product"}],"wp:featuredmedia":[{"embeddable":true,"href":"https:\/\/verkkokauppa.ouka.fi\/oulu2026\/wp-json\/wp\/v2\/media\/972"}],"wp:attachment":[{"href":"https:\/\/verkkokauppa.ouka.fi\/oulu2026\/wp-json\/wp\/v2\/media?parent=975"}],"wp:term":[{"taxonomy":"product_brand","embeddable":true,"href":"https:\/\/verkkokauppa.ouka.fi\/oulu2026\/wp-json\/wp\/v2\/product_brand?post=975"},{"taxonomy":"product_cat","embeddable":true,"href":"https:\/\/verkkokauppa.ouka.fi\/oulu2026\/wp-json\/wp\/v2\/product_cat?post=975"},{"taxonomy":"product_tag","embeddable":true,"href":"https:\/\/verkkokauppa.ouka.fi\/oulu2026\/wp-json\/wp\/v2\/product_tag?post=975"}],"curies":[{"name":"wp","href":"https:\/\/api.w.org\/{rel}","templated":true}]}}